{"id":9656,"date":"2021-04-29T02:53:47","date_gmt":"2021-04-29T02:53:47","guid":{"rendered":"http:\/\/agrobiologicospanama.com\/1\/?post_type=product&#038;p=9656"},"modified":"2026-01-05T17:00:19","modified_gmt":"2026-01-05T17:00:19","slug":"bio-insecticida-turincol","status":"publish","type":"product","link":"https:\/\/agrobiologicospanama.com\/1\/?product=bio-insecticida-turincol","title":{"rendered":"TURINCOL"},"content":{"rendered":"<h3>Es un bioinsumo dispersable, act\u00faa por ingesti\u00f3n sobre los diferentes estadios de las larvas del Orden Lepid\u00f3ptera, produciendo septicemia en el insecto, logrando as\u00ed interrumpir el da\u00f1o ocasionado al cultivo puesto que la larva cesa su alimentaci\u00f3n para despu\u00e9s morir. Se recomienda aplicar Turincol de manera preventiva o con niveles bajos de infestaci\u00f3n y sobre instares larvarios primarios.<\/h3>\n<p><a href=\"https:\/\/agrobiologicospanama.com\/1\/wp-content\/uploads\/2022\/12\/TURINCOL-baja.pdf\"><img loading=\"lazy\" decoding=\"async\" class=\"alignnone\" src=\"http:\/\/agrobiologicospanama.com\/1\/wp-content\/uploads\/2021\/04\/botonfichatecnica-300x161-1.png\" alt=\"\" width=\"300\" height=\"86\" \/><\/a><\/p>\n<p><a href=\"https:\/\/agrobiologicospanama.com\/1\/wp-content\/uploads\/2026\/01\/ABP_FICHA-TEC.-TURINCOL-1713X923.png\"><img loading=\"lazy\" decoding=\"async\" class=\"alignnone wp-image-10103 size-full\" src=\"https:\/\/agrobiologicospanama.com\/1\/wp-content\/uploads\/2026\/01\/ABP_FICHA-TEC.-TURINCOL-1713X923.png\" alt=\"\" width=\"1713\" height=\"923\" srcset=\"https:\/\/agrobiologicospanama.com\/1\/wp-content\/uploads\/2026\/01\/ABP_FICHA-TEC.-TURINCOL-1713X923.png 1713w, https:\/\/agrobiologicospanama.com\/1\/wp-content\/uploads\/2026\/01\/ABP_FICHA-TEC.-TURINCOL-1713X923-300x162.png 300w, https:\/\/agrobiologicospanama.com\/1\/wp-content\/uploads\/2026\/01\/ABP_FICHA-TEC.-TURINCOL-1713X923-1024x552.png 1024w, https:\/\/agrobiologicospanama.com\/1\/wp-content\/uploads\/2026\/01\/ABP_FICHA-TEC.-TURINCOL-1713X923-768x414.png 768w, https:\/\/agrobiologicospanama.com\/1\/wp-content\/uploads\/2026\/01\/ABP_FICHA-TEC.-TURINCOL-1713X923-1536x828.png 1536w, https:\/\/agrobiologicospanama.com\/1\/wp-content\/uploads\/2026\/01\/ABP_FICHA-TEC.-TURINCOL-1713X923-600x323.png 600w\" sizes=\"auto, (max-width: 1713px) 100vw, 1713px\" \/><\/a><\/p>\n","protected":false},"excerpt":{"rendered":"<ul class=\"list-unstyled\">\n<li><i class=\"fa fa-check\"><\/i><b>Ingrediente activo:\u00a0<\/b>Bacillus thuringiensis var. kurstaki (Bt)<\/li>\n<li><i class=\"fa fa-check\"><\/i><b>Tipo de bioinsumo:\u00a0<\/b>Insecticida<\/li>\n<li><i class=\"fa fa-check\"><\/i><b>Aditivos:\u00a0<\/b>Soluci\u00f3n de mantenimiento<\/li>\n<li><i class=\"fa fa-check\"><\/i><b>Concentraci\u00f3n:\u00a0<\/b>Potencia, 32.000.000 UI por gr de producto<\/li>\n<li><i class=\"fa fa-check\"><\/i><b><b>Vida util: <\/b><\/b>6 meses conservado en ambiente fresco y seco.<\/li>\n<li><i class=\"fa fa-check\"><\/i><b>Presentaci\u00f3n comercial:<\/b> 500 ml, 1 litro y 1 gal\u00f3n.<\/li>\n<li><i class=\"fa fa-check\"><\/i><b>Categoria toxicol\u00f3gica:\u00a0<\/b>IV levemente toxico, banda verde<\/li>\n<li><i class=\"fa fa-check\"><\/i><b>Formulaci\u00f3n:\u00a0<\/b>Soluci\u00f3n liquida<\/li>\n<\/ul>\n","protected":false},"featured_media":10079,"template":"","meta":[],"product_cat":[57],"product_tag":[],"class_list":{"0":"post-9656","1":"product","2":"type-product","3":"status-publish","4":"has-post-thumbnail","6":"product_cat-bio-plaguicida","8":"first","9":"instock","10":"featured","11":"shipping-taxable","12":"purchasable","13":"product-type-variable"},"_links":{"self":[{"href":"https:\/\/agrobiologicospanama.com\/1\/index.php?rest_route=\/wp\/v2\/product\/9656","targetHints":{"allow":["GET"]}}],"collection":[{"href":"https:\/\/agrobiologicospanama.com\/1\/index.php?rest_route=\/wp\/v2\/product"}],"about":[{"href":"https:\/\/agrobiologicospanama.com\/1\/index.php?rest_route=\/wp\/v2\/types\/product"}],"wp:featuredmedia":[{"embeddable":true,"href":"https:\/\/agrobiologicospanama.com\/1\/index.php?rest_route=\/wp\/v2\/media\/10079"}],"wp:attachment":[{"href":"https:\/\/agrobiologicospanama.com\/1\/index.php?rest_route=%2Fwp%2Fv2%2Fmedia&parent=9656"}],"wp:term":[{"taxonomy":"product_cat","embeddable":true,"href":"https:\/\/agrobiologicospanama.com\/1\/index.php?rest_route=%2Fwp%2Fv2%2Fproduct_cat&post=9656"},{"taxonomy":"product_tag","embeddable":true,"href":"https:\/\/agrobiologicospanama.com\/1\/index.php?rest_route=%2Fwp%2Fv2%2Fproduct_tag&post=9656"}],"curies":[{"name":"wp","href":"https:\/\/api.w.org\/{rel}","templated":true}]}}