{"id":9659,"date":"2021-04-29T03:16:56","date_gmt":"2021-04-29T03:16:56","guid":{"rendered":"http:\/\/agrobiologicospanama.com\/1\/?post_type=product&#038;p=9659"},"modified":"2026-01-05T17:02:41","modified_gmt":"2026-01-05T17:02:41","slug":"bio-insecticida-baubassil","status":"publish","type":"product","link":"https:\/\/agrobiologicospanama.com\/1\/?product=bio-insecticida-baubassil","title":{"rendered":"BAUBASSIL 10 WP"},"content":{"rendered":"<p>El hongo Beauveria bassiana es usado para el control de muchos insectos plaga, es la especie de Entomopat\u00f3geno comercialmente m\u00e1s utilizado en el mundo. Actualmente es el mayor controlador natural de la broca del caf\u00e9 y es usado para el control de esta plaga en todos los pa\u00edses donde se ha hecho presente.<\/p>\n<p>Es par\u00e1sito facultativo, crece tanto en hospedantes como en medios arti\ufb01ciales. La penetraci\u00f3n del hongo es por la cut\u00edcula del insecto, tambi\u00e9n puede ocurrir por cualquier parte del insecto, incluyendo el ano o la boca. Germinadas las conidias en la cut\u00edcula del insecto, las hifas penetran el integumento de \u00e9ste por acci\u00f3n mec\u00e1nica y procesos enzim\u00e1ticos, pasando a la hemolinfa donde ataca los tejidos. El hongo produce una epizootia natural en el campo, mecanismo regulador de las poblaciones de insectos plaga en ecosistemas que hayan sido alterados.<\/p>\n<h4>BENEFICIOS OTORGADOS<\/h4>\n<ul class=\"list-unstyled\">\n<li><i class=\"fa fa-check\"><\/i>Ideal para programas de manejo integrado<\/li>\n<li><i class=\"fa fa-check\"><\/i>No tiene efecto residual negativo<\/li>\n<li><i class=\"fa fa-check\"><\/i>Tiene capacidad para controlar varias plagas<\/li>\n<li><i class=\"fa fa-check\"><\/i>Es inocuo para los humanos y animales dom\u00e9sticos<\/li>\n<li><i class=\"fa fa-check\"><\/i>Bio-insecticida de bajo costo<\/li>\n<li><i class=\"fa fa-check\"><\/i>Minimiza el uso de insecticidas qu\u00edmicos<\/li>\n<\/ul>\n<p><a href=\"https:\/\/agrobiologicospanama.com\/1\/wp-content\/uploads\/2022\/12\/BAUBASSIL-10-WP-baja.pdf\"><img loading=\"lazy\" decoding=\"async\" class=\"alignnone wp-image-9650 size-full\" src=\"https:\/\/agrobiologicospanama.com\/1\/wp-content\/uploads\/2021\/04\/botonfichatecnica-300x161-1.png\" alt=\"\" width=\"300\" height=\"86\" \/><\/a><\/p>\n<p><a href=\"https:\/\/agrobiologicospanama.com\/1\/wp-content\/uploads\/2026\/01\/ABP_FICHA-TEC.-BAUBASSIL-1713X923.png\"><img loading=\"lazy\" decoding=\"async\" class=\"alignnone wp-image-10092 size-full\" src=\"https:\/\/agrobiologicospanama.com\/1\/wp-content\/uploads\/2026\/01\/ABP_FICHA-TEC.-BAUBASSIL-1713X923.png\" alt=\"\" width=\"1713\" height=\"923\" srcset=\"https:\/\/agrobiologicospanama.com\/1\/wp-content\/uploads\/2026\/01\/ABP_FICHA-TEC.-BAUBASSIL-1713X923.png 1713w, https:\/\/agrobiologicospanama.com\/1\/wp-content\/uploads\/2026\/01\/ABP_FICHA-TEC.-BAUBASSIL-1713X923-300x162.png 300w, https:\/\/agrobiologicospanama.com\/1\/wp-content\/uploads\/2026\/01\/ABP_FICHA-TEC.-BAUBASSIL-1713X923-1024x552.png 1024w, https:\/\/agrobiologicospanama.com\/1\/wp-content\/uploads\/2026\/01\/ABP_FICHA-TEC.-BAUBASSIL-1713X923-768x414.png 768w, https:\/\/agrobiologicospanama.com\/1\/wp-content\/uploads\/2026\/01\/ABP_FICHA-TEC.-BAUBASSIL-1713X923-1536x828.png 1536w, https:\/\/agrobiologicospanama.com\/1\/wp-content\/uploads\/2026\/01\/ABP_FICHA-TEC.-BAUBASSIL-1713X923-600x323.png 600w\" sizes=\"auto, (max-width: 1713px) 100vw, 1713px\" \/><\/a><\/p>\n","protected":false},"excerpt":{"rendered":"<ul class=\"list-unstyled\">\n<li><i class=\"fa fa-check\"><\/i><b>Ingrediente activo:\u00a0<\/b>Beauveria bassiana<\/li>\n<li><i class=\"fa fa-check\"><\/i><b>Tipo de bioinsumo:\u00a0<\/b>Insecticida<\/li>\n<li><i class=\"fa fa-check\"><\/i><b>Aditivos:\u00a0<\/b>Talco inerte<\/li>\n<li><i class=\"fa fa-check\"><\/i><b>Concentraci\u00f3n:\u00a0<\/b>1 x 10<sup>8<\/sup>\u00a0esporas\/gr del producto<\/li>\n<li><i class=\"fa fa-check\"><\/i><b>Vida util:<\/b>6 meses conservado en ambiente fresco y seco.<\/li>\n<li><i class=\"fa fa-check\"><\/i><b>Presentaci\u00f3n: <\/b>Presentaci\u00f3n: 250 g, 500 g y 1 Kg<\/li>\n<li><i class=\"fa fa-check\"><\/i><b>Categoria toxicol\u00f3gica:\u00a0<\/b>IV levemente toxico, banda verde<\/li>\n<li><i class=\"fa fa-check\"><\/i><b>Formulaci\u00f3n:\u00a0<\/b>Polvo mojable<\/li>\n<\/ul>\n","protected":false},"featured_media":10066,"template":"","meta":[],"product_cat":[44],"product_tag":[],"class_list":{"0":"post-9659","1":"product","2":"type-product","3":"status-publish","4":"has-post-thumbnail","6":"product_cat-bio-insecticidas","8":"first","9":"instock","10":"featured","11":"shipping-taxable","12":"purchasable","13":"product-type-variable"},"_links":{"self":[{"href":"https:\/\/agrobiologicospanama.com\/1\/index.php?rest_route=\/wp\/v2\/product\/9659","targetHints":{"allow":["GET"]}}],"collection":[{"href":"https:\/\/agrobiologicospanama.com\/1\/index.php?rest_route=\/wp\/v2\/product"}],"about":[{"href":"https:\/\/agrobiologicospanama.com\/1\/index.php?rest_route=\/wp\/v2\/types\/product"}],"wp:featuredmedia":[{"embeddable":true,"href":"https:\/\/agrobiologicospanama.com\/1\/index.php?rest_route=\/wp\/v2\/media\/10066"}],"wp:attachment":[{"href":"https:\/\/agrobiologicospanama.com\/1\/index.php?rest_route=%2Fwp%2Fv2%2Fmedia&parent=9659"}],"wp:term":[{"taxonomy":"product_cat","embeddable":true,"href":"https:\/\/agrobiologicospanama.com\/1\/index.php?rest_route=%2Fwp%2Fv2%2Fproduct_cat&post=9659"},{"taxonomy":"product_tag","embeddable":true,"href":"https:\/\/agrobiologicospanama.com\/1\/index.php?rest_route=%2Fwp%2Fv2%2Fproduct_tag&post=9659"}],"curies":[{"name":"wp","href":"https:\/\/api.w.org\/{rel}","templated":true}]}}