{"id":9660,"date":"2021-04-29T03:22:15","date_gmt":"2021-04-29T03:22:15","guid":{"rendered":"http:\/\/agrobiologicospanama.com\/1\/?post_type=product&#038;p=9660"},"modified":"2026-01-05T17:03:15","modified_gmt":"2026-01-05T17:03:15","slug":"bio-insecticida-metaril","status":"publish","type":"product","link":"https:\/\/agrobiologicospanama.com\/1\/?product=bio-insecticida-metaril","title":{"rendered":"METARIL 10 WP"},"content":{"rendered":"<h3><span style=\"color: #333333;\">Producto para el control biol\u00f3gico de insectos plaga en los cultivos, conocido por atacar a una amplia gama de artr\u00f3podos, m\u00e1s de 200 especies en m\u00e1s de 50 familias. Estos incluyen muchas especies de importancia agr\u00edcola, m\u00e9dica y veterinaria. Los insectos muertos por este hongo son cubiertos completamente por micelio, inicialmente es blanco y se torna verde cuando el hongo esporula.<\/span><\/h3>\n<h3><span style=\"color: #333333;\">El hongo infecta todas las etapas de los insectos, incluyendo, huevos, larvas, pupas y ninfas. Las esporas se pegan en la cut\u00edcula de los insectos, germinan y penetran en el cuerpo del insecto, la mortalidad por cualquier causa es a trav\u00e9s de una combinaci\u00f3n de sustancias qu\u00edmicas, la p\u00e9rdida de agua y de nutrientes. Ciertas toxinas llamadas destruxin producidas por este hongo causan la mortalidad de los insectos en cuesti\u00f3n de 3 a 4 d\u00edas. Los s\u00edntomas de la enfermedad en el insecto son la p\u00e9rdida de sensibilidad, movimientos descoordinados y par\u00e1lisis.<\/span><\/h3>\n<h3><span style=\"color: #333333;\">ALGUNAS PLAGAS CONTROLADAS<\/span><\/h3>\n<ul class=\"list-unstyled\">\n<li>\n<h3><span style=\"color: #333333;\"><i class=\"fa fa-check\"><\/i>Salivazo de la ca\u00f1a de az\u00facar y pastos<\/span><\/h3>\n<\/li>\n<li>\n<h3><span style=\"color: #333333;\"><i class=\"fa fa-check\"><\/i>Chinches plaga de varios cultivos<\/span><\/h3>\n<\/li>\n<li>\n<h3><span style=\"color: #333333;\"><i class=\"fa fa-check\"><\/i>Diversidad de garrapatas<\/span><\/h3>\n<\/li>\n<li>\n<h3><span style=\"color: #333333;\"><i class=\"fa fa-check\"><\/i>Cole\u00f3pteros en estado de Chizas<\/span><\/h3>\n<\/li>\n<li>\n<h3><span style=\"color: #333333;\"><i class=\"fa fa-check\"><\/i>Gorgojos de ra\u00edz<\/span><\/h3>\n<\/li>\n<li>\n<h3><span style=\"color: #333333;\"><i class=\"fa fa-check\"><\/i>Moscas y mosquitos<\/span><\/h3>\n<\/li>\n<li>\n<h3><span style=\"color: #333333;\"><i class=\"fa fa-check\"><\/i>Trips de diversos cultivos<\/span><\/h3>\n<\/li>\n<li>\n<h3><span style=\"color: #333333;\"><i class=\"fa fa-check\"><\/i>Termitas, langostas o saltamontes<\/span><\/h3>\n<\/li>\n<li>\n<h3><span style=\"color: #333333;\"><i class=\"fa fa-check\"><\/i>Barrenadores<\/span><\/h3>\n<\/li>\n<\/ul>\n<h3><span style=\"color: #333333;\"><a style=\"color: #333333;\" href=\"https:\/\/agrobiologicospanama.com\/1\/wp-content\/uploads\/2022\/12\/METARIL-10-WP-baja.pdf\"><img loading=\"lazy\" decoding=\"async\" class=\"alignnone wp-image-9650 size-full\" src=\"https:\/\/agrobiologicospanama.com\/1\/wp-content\/uploads\/2021\/04\/botonfichatecnica-300x161-1.png\" alt=\"\" width=\"300\" height=\"86\" \/><\/a><\/span><\/h3>\n<h3><a href=\"https:\/\/agrobiologicospanama.com\/1\/wp-content\/uploads\/2026\/01\/ABP_FICHA-TEC.-METARIL-1713X923.png\"><img loading=\"lazy\" decoding=\"async\" class=\"alignnone wp-image-10098 size-full\" src=\"https:\/\/agrobiologicospanama.com\/1\/wp-content\/uploads\/2026\/01\/ABP_FICHA-TEC.-METARIL-1713X923.png\" alt=\"\" width=\"1713\" height=\"923\" srcset=\"https:\/\/agrobiologicospanama.com\/1\/wp-content\/uploads\/2026\/01\/ABP_FICHA-TEC.-METARIL-1713X923.png 1713w, https:\/\/agrobiologicospanama.com\/1\/wp-content\/uploads\/2026\/01\/ABP_FICHA-TEC.-METARIL-1713X923-300x162.png 300w, https:\/\/agrobiologicospanama.com\/1\/wp-content\/uploads\/2026\/01\/ABP_FICHA-TEC.-METARIL-1713X923-1024x552.png 1024w, https:\/\/agrobiologicospanama.com\/1\/wp-content\/uploads\/2026\/01\/ABP_FICHA-TEC.-METARIL-1713X923-768x414.png 768w, https:\/\/agrobiologicospanama.com\/1\/wp-content\/uploads\/2026\/01\/ABP_FICHA-TEC.-METARIL-1713X923-1536x828.png 1536w, https:\/\/agrobiologicospanama.com\/1\/wp-content\/uploads\/2026\/01\/ABP_FICHA-TEC.-METARIL-1713X923-600x323.png 600w\" sizes=\"auto, (max-width: 1713px) 100vw, 1713px\" \/><\/a><\/h3>\n","protected":false},"excerpt":{"rendered":"<ul class=\"list-unstyled\">\n<li><i class=\"fa fa-check\"><\/i><b>Ingrediente activo:\u00a0<\/b>Metarhizium anisopliae<\/li>\n<li><i class=\"fa fa-check\"><\/i><b>Tipo de bioinsumo:\u00a0<\/b>Insecticida<\/li>\n<li><i class=\"fa fa-check\"><\/i><b>Aditivos:\u00a0<\/b>Talco inerte<\/li>\n<li><i class=\"fa fa-check\"><\/i><b>Concentraci\u00f3n:\u00a0<\/b>1 x 10<sup>8<\/sup>\u00a0conidias\/gr del producto<\/li>\n<li><i class=\"fa fa-check\"><\/i><b>Vida util:\u00a0<\/b>6 meses almacenado en ambiente fresco y seco<\/li>\n<li><i class=\"fa fa-check\"><\/i><b>Presentaci\u00f3n:\u00a0<\/b>Dosis de 250 g 500 g y 1 kilo<\/li>\n<li><i class=\"fa fa-check\"><\/i><b>Categoria toxicol\u00f3gica:\u00a0<\/b>IV levemente toxico, banda verde<\/li>\n<li><i class=\"fa fa-check\"><\/i><b>Formulaci\u00f3n:\u00a0<\/b>Polvo mojable<\/li>\n<\/ul>\n","protected":false},"featured_media":10073,"template":"","meta":[],"product_cat":[44],"product_tag":[],"class_list":{"0":"post-9660","1":"product","2":"type-product","3":"status-publish","4":"has-post-thumbnail","6":"product_cat-bio-insecticidas","8":"first","9":"instock","10":"featured","11":"shipping-taxable","12":"purchasable","13":"product-type-variable"},"_links":{"self":[{"href":"https:\/\/agrobiologicospanama.com\/1\/index.php?rest_route=\/wp\/v2\/product\/9660","targetHints":{"allow":["GET"]}}],"collection":[{"href":"https:\/\/agrobiologicospanama.com\/1\/index.php?rest_route=\/wp\/v2\/product"}],"about":[{"href":"https:\/\/agrobiologicospanama.com\/1\/index.php?rest_route=\/wp\/v2\/types\/product"}],"wp:featuredmedia":[{"embeddable":true,"href":"https:\/\/agrobiologicospanama.com\/1\/index.php?rest_route=\/wp\/v2\/media\/10073"}],"wp:attachment":[{"href":"https:\/\/agrobiologicospanama.com\/1\/index.php?rest_route=%2Fwp%2Fv2%2Fmedia&parent=9660"}],"wp:term":[{"taxonomy":"product_cat","embeddable":true,"href":"https:\/\/agrobiologicospanama.com\/1\/index.php?rest_route=%2Fwp%2Fv2%2Fproduct_cat&post=9660"},{"taxonomy":"product_tag","embeddable":true,"href":"https:\/\/agrobiologicospanama.com\/1\/index.php?rest_route=%2Fwp%2Fv2%2Fproduct_tag&post=9660"}],"curies":[{"name":"wp","href":"https:\/\/api.w.org\/{rel}","templated":true}]}}