{"id":9662,"date":"2021-04-29T03:27:06","date_gmt":"2021-04-29T03:27:06","guid":{"rendered":"http:\/\/agrobiologicospanama.com\/1\/?post_type=product&#038;p=9662"},"modified":"2026-01-05T17:03:43","modified_gmt":"2026-01-05T17:03:43","slug":"bio-insecticida-lilacil","status":"publish","type":"product","link":"https:\/\/agrobiologicospanama.com\/1\/?product=bio-insecticida-lilacil","title":{"rendered":"LILACIL 10 WP"},"content":{"rendered":"<h3><span style=\"color: #333333;\">Es el enemigo natural de muchos g\u00e9neros de nematodos y algunos insectos como mosca blanca y chinches. Es efectivo para nematodos de los g\u00e9neros Meloidogyne, Pratelynchus y Radophulus. Parasita huevos, adultos y quistes de nematodos. Tambi\u00e9n puede afectar nematodos m\u00f3viles que est\u00e1n fuera de las ra\u00edces, de modo que puede infectar cualquiera de estos estad\u00edos, caus\u00e1ndoles la muerte o evitando que el nematodo complete su ciclo de vida, disminuyendo de esa manera las poblaciones en el campo. En ausencia de nematodos el hongo puede sobrevivir como sapr\u00f3fito en el suelo<\/span><\/h3>\n<h3><span style=\"color: #333333;\">Act\u00faa como producto de contacto. Este hongo produce unas estructuras llamadas conidias o esporas, estas al hacer contacto con el cuerpo de los nematodos, se fijan en la pared externa, luego germinan y producen unas estructuras especializadas a trav\u00e9s de las cuales lo penetran, toma sus nutrientes y se reproduce masivamente, invadiendolo totalmente y caus\u00e1ndole una enfermedad que finalmente lo lleva a su muerte. A valores de pH ligeramente \u00e1cidos, produce toxinas que afectan el sistema nervioso del nematodo. En condiciones favorables de humedad, despu\u00e9s de la invasi\u00f3n, las estructuras del hongo salen del cuerpo del nematodo y sobre este se producen nuevas conidias que afectan a otros nematodos.<\/span><\/h3>\n<h3><span style=\"color: #333333;\">BENEFICIOS DEL LILACIL<\/span><\/h3>\n<ul class=\"list-unstyled\">\n<li>\n<h3><span style=\"color: #333333;\"><i class=\"fa fa-check\"><\/i>No contamina el ambiente<\/span><\/h3>\n<\/li>\n<li>\n<h3><span style=\"color: #333333;\"><i class=\"fa fa-check\"><\/i>No es toxico en humanos, animales y plantas<\/span><\/h3>\n<\/li>\n<li>\n<h3><span style=\"color: #333333;\"><i class=\"fa fa-check\"><\/i>Al establecerse en el campo constituye un reservorio ben\u00e9fico de inoculo<\/span><\/h3>\n<\/li>\n<li>\n<h3><span style=\"color: #333333;\"><i class=\"fa fa-check\"><\/i>Puede usarse en la agricultura org\u00e1nica y convencional<\/span><\/h3>\n<\/li>\n<li>\n<h3><span style=\"color: #333333;\"><i class=\"fa fa-check\"><\/i>Producto de bajo costo<\/span><\/h3>\n<\/li>\n<\/ul>\n<h3><span style=\"color: #333333;\"><a style=\"color: #333333;\" href=\"https:\/\/agrobiologicospanama.com\/1\/wp-content\/uploads\/2022\/12\/LILACIL-10-WP-baja.pdf\"><img loading=\"lazy\" decoding=\"async\" class=\"alignnone wp-image-9650 size-full\" src=\"https:\/\/agrobiologicospanama.com\/1\/wp-content\/uploads\/2021\/04\/botonfichatecnica-300x161-1.png\" alt=\"\" width=\"300\" height=\"86\" \/><\/a><\/span><\/h3>\n<h3><a href=\"https:\/\/agrobiologicospanama.com\/1\/wp-content\/uploads\/2026\/01\/ABP_FICHA-TEC.-LILACIL-1713X923.png\"><img loading=\"lazy\" decoding=\"async\" class=\"alignnone wp-image-10097 size-full\" src=\"https:\/\/agrobiologicospanama.com\/1\/wp-content\/uploads\/2026\/01\/ABP_FICHA-TEC.-LILACIL-1713X923.png\" alt=\"\" width=\"1713\" height=\"923\" srcset=\"https:\/\/agrobiologicospanama.com\/1\/wp-content\/uploads\/2026\/01\/ABP_FICHA-TEC.-LILACIL-1713X923.png 1713w, https:\/\/agrobiologicospanama.com\/1\/wp-content\/uploads\/2026\/01\/ABP_FICHA-TEC.-LILACIL-1713X923-300x162.png 300w, https:\/\/agrobiologicospanama.com\/1\/wp-content\/uploads\/2026\/01\/ABP_FICHA-TEC.-LILACIL-1713X923-1024x552.png 1024w, https:\/\/agrobiologicospanama.com\/1\/wp-content\/uploads\/2026\/01\/ABP_FICHA-TEC.-LILACIL-1713X923-768x414.png 768w, https:\/\/agrobiologicospanama.com\/1\/wp-content\/uploads\/2026\/01\/ABP_FICHA-TEC.-LILACIL-1713X923-1536x828.png 1536w, https:\/\/agrobiologicospanama.com\/1\/wp-content\/uploads\/2026\/01\/ABP_FICHA-TEC.-LILACIL-1713X923-600x323.png 600w\" sizes=\"auto, (max-width: 1713px) 100vw, 1713px\" \/><\/a><\/h3>\n","protected":false},"excerpt":{"rendered":"<ul class=\"list-unstyled\">\n<li><i class=\"fa fa-check\"><\/i><b>Ingrediente activo:\u00a0<\/b>Paecilomyces lilacinus<\/li>\n<li><i class=\"fa fa-check\"><\/i><b>Tipo de bioinsumo:\u00a0<\/b>Insecticida<\/li>\n<li><i class=\"fa fa-check\"><\/i><b>Aditivos:\u00a0<\/b>Talco inerte<\/li>\n<li><i class=\"fa fa-check\"><\/i><b>Concentraci\u00f3n:\u00a0<\/b>1 x 10<sup>8<\/sup>\u00a0conidias\/gr del producto<\/li>\n<li><i class=\"fa fa-check\"><\/i><b>Vida util: <\/b>6 meses conservado en ambiente fresco y seco.<\/li>\n<li><i class=\"fa fa-check\"><\/i><b>Presentaci\u00f3n: <\/b>Presentaci\u00f3n: 250 g, 500 g y 1 Kg<\/li>\n<li><i class=\"fa fa-check\"><\/i><b>Categoria toxicol\u00f3gica:\u00a0<\/b>IV levemente toxico, banda verde<\/li>\n<li><i class=\"fa fa-check\"><\/i><b>Formulaci\u00f3n:\u00a0<\/b>Polvo mojable<\/li>\n<\/ul>\n","protected":false},"featured_media":10072,"template":"","meta":[],"product_cat":[44],"product_tag":[],"class_list":{"0":"post-9662","1":"product","2":"type-product","3":"status-publish","4":"has-post-thumbnail","6":"product_cat-bio-insecticidas","8":"first","9":"instock","10":"featured","11":"shipping-taxable","12":"purchasable","13":"product-type-variable"},"_links":{"self":[{"href":"https:\/\/agrobiologicospanama.com\/1\/index.php?rest_route=\/wp\/v2\/product\/9662","targetHints":{"allow":["GET"]}}],"collection":[{"href":"https:\/\/agrobiologicospanama.com\/1\/index.php?rest_route=\/wp\/v2\/product"}],"about":[{"href":"https:\/\/agrobiologicospanama.com\/1\/index.php?rest_route=\/wp\/v2\/types\/product"}],"wp:featuredmedia":[{"embeddable":true,"href":"https:\/\/agrobiologicospanama.com\/1\/index.php?rest_route=\/wp\/v2\/media\/10072"}],"wp:attachment":[{"href":"https:\/\/agrobiologicospanama.com\/1\/index.php?rest_route=%2Fwp%2Fv2%2Fmedia&parent=9662"}],"wp:term":[{"taxonomy":"product_cat","embeddable":true,"href":"https:\/\/agrobiologicospanama.com\/1\/index.php?rest_route=%2Fwp%2Fv2%2Fproduct_cat&post=9662"},{"taxonomy":"product_tag","embeddable":true,"href":"https:\/\/agrobiologicospanama.com\/1\/index.php?rest_route=%2Fwp%2Fv2%2Fproduct_tag&post=9662"}],"curies":[{"name":"wp","href":"https:\/\/api.w.org\/{rel}","templated":true}]}}