{"id":9663,"date":"2021-04-29T03:34:53","date_gmt":"2021-04-29T03:34:53","guid":{"rendered":"http:\/\/agrobiologicospanama.com\/1\/?post_type=product&#038;p=9663"},"modified":"2026-01-05T17:04:34","modified_gmt":"2026-01-05T17:04:34","slug":"bio-fungicida-trichol","status":"publish","type":"product","link":"https:\/\/agrobiologicospanama.com\/1\/?product=bio-fungicida-trichol","title":{"rendered":"TRICHO H.V. SP"},"content":{"rendered":"<h3><span style=\"color: #333333;\">Su ingrediente activo es el hongo del genero Trichoderma sp. Es un fungicida para control biol\u00f3gico de enfermedades en las plantas. Aplicado al suelo coloniza r\u00e1pidamente la zona riz\u00f3sferica de las plantas, brindando protecci\u00f3n al sistema radical de las plantas contra los hongos pat\u00f3genos del suelo.<\/span><\/h3>\n<h3><span style=\"color: #333333;\">MECANISMOS DE ACCI\u00d3N<\/span><\/h3>\n<ul class=\"list-unstyled\">\n<li>\n<h3><span style=\"color: #333333;\"><i class=\"fa fa-check\"><\/i>Inhibe la quitina de la pared celular de los hongos pat\u00f3genos haci\u00e9ndolos vulnerables al estr\u00e9s osm\u00f3tico y por tanto mueren<\/span><\/h3>\n<\/li>\n<li>\n<h3><span style=\"color: #333333;\"><i class=\"fa fa-check\"><\/i>Compite por espacio y nutrientes del suelo<\/span><\/h3>\n<\/li>\n<li>\n<h3><span style=\"color: #333333;\"><i class=\"fa fa-check\"><\/i>Mediante procesos de micoparasitismo<\/span><\/h3>\n<\/li>\n<li>\n<h3><span style=\"color: #333333;\"><i class=\"fa fa-check\"><\/i>Act\u00faa como predador de hongos paras\u00edticos<\/span><\/h3>\n<\/li>\n<li>\n<h3><span style=\"color: #333333;\"><i class=\"fa fa-check\"><\/i>Por antibiosis, secreci\u00f3n de enzimas y sustancias inhibidoras<\/span><\/h3>\n<\/li>\n<li>\n<h3><span style=\"color: #333333;\"><i class=\"fa fa-check\"><\/i>Induce mecanismos de defensa fisiol\u00f3gica y bioqu\u00edmica<\/span><\/h3>\n<\/li>\n<li>\n<h3><span style=\"color: #333333;\"><i class=\"fa fa-check\"><\/i>Tiene poder fungist\u00e1tico<\/span><\/h3>\n<\/li>\n<\/ul>\n<h3><span style=\"color: #333333;\">BENEFICIOS DE TRICHO<\/span><\/h3>\n<ul class=\"list-unstyled\">\n<li>\n<h3><span style=\"color: #333333;\"><i class=\"fa fa-check\"><\/i>Minimiza o elimina el uso de fungicidas de s\u00edntesis qu\u00edmica<\/span><\/h3>\n<\/li>\n<li>\n<h3><span style=\"color: #333333;\"><i class=\"fa fa-check\"><\/i>Tiene capacidad de crear un ambiente favorable al desarrollo radical que aumenta la tolerancia de la planta al estr\u00e9s<\/span><\/h3>\n<\/li>\n<li>\n<h3><span style=\"color: #333333;\"><i class=\"fa fa-check\"><\/i>Degrada materia org\u00e1nica aportando nutrientes al suelo<\/span><\/h3>\n<\/li>\n<\/ul>\n<h3><span style=\"color: #333333;\"><a style=\"color: #333333;\" href=\"https:\/\/agrobiologicospanama.com\/1\/wp-content\/uploads\/2022\/12\/TRICHO-HV10SP-baja.pdf\"><img loading=\"lazy\" decoding=\"async\" class=\"alignnone wp-image-9650 size-full\" src=\"https:\/\/agrobiologicospanama.com\/1\/wp-content\/uploads\/2021\/04\/botonfichatecnica-300x161-1.png\" alt=\"\" width=\"300\" height=\"86\" \/><\/a><\/span><\/h3>\n<h3><a href=\"https:\/\/agrobiologicospanama.com\/1\/wp-content\/uploads\/2026\/01\/ABP_FICHA-TEC.-TRICHO-H.V.-10-SP-1713X923.png\"><img loading=\"lazy\" decoding=\"async\" class=\"alignnone wp-image-10102 size-full\" src=\"https:\/\/agrobiologicospanama.com\/1\/wp-content\/uploads\/2026\/01\/ABP_FICHA-TEC.-TRICHO-H.V.-10-SP-1713X923.png\" alt=\"\" width=\"1713\" height=\"923\" srcset=\"https:\/\/agrobiologicospanama.com\/1\/wp-content\/uploads\/2026\/01\/ABP_FICHA-TEC.-TRICHO-H.V.-10-SP-1713X923.png 1713w, https:\/\/agrobiologicospanama.com\/1\/wp-content\/uploads\/2026\/01\/ABP_FICHA-TEC.-TRICHO-H.V.-10-SP-1713X923-300x162.png 300w, https:\/\/agrobiologicospanama.com\/1\/wp-content\/uploads\/2026\/01\/ABP_FICHA-TEC.-TRICHO-H.V.-10-SP-1713X923-1024x552.png 1024w, https:\/\/agrobiologicospanama.com\/1\/wp-content\/uploads\/2026\/01\/ABP_FICHA-TEC.-TRICHO-H.V.-10-SP-1713X923-768x414.png 768w, https:\/\/agrobiologicospanama.com\/1\/wp-content\/uploads\/2026\/01\/ABP_FICHA-TEC.-TRICHO-H.V.-10-SP-1713X923-1536x828.png 1536w, https:\/\/agrobiologicospanama.com\/1\/wp-content\/uploads\/2026\/01\/ABP_FICHA-TEC.-TRICHO-H.V.-10-SP-1713X923-600x323.png 600w\" sizes=\"auto, (max-width: 1713px) 100vw, 1713px\" \/><\/a><\/h3>\n","protected":false},"excerpt":{"rendered":"<ul class=\"list-unstyled\">\n<li><i class=\"fa fa-check\"><\/i><b>Ingrediente activo:\u00a0<\/b>Trichoderma spp<\/li>\n<li><i class=\"fa fa-check\"><\/i><b>Tipo de bioinsumo:\u00a0<\/b>Fungicida<\/li>\n<li><i class=\"fa fa-check\"><\/i><b>Aditivos:\u00a0<\/b>Talco inerte mojable<\/li>\n<li><i class=\"fa fa-check\"><\/i><b>Concentraci\u00f3n:\u00a0<\/b>1 x 10<sup>8<\/sup>\u00a0conidias\/gr del producto<\/li>\n<li><b>Vida util:<\/b>6 meses conservado en ambiente fresco y seco.<\/li>\n<li><i class=\"fa fa-check\"><\/i><b>Presentaci\u00f3n: <\/b>Presentaci\u00f3n: 250 g, 500 g y 1 Kg<i class=\"fa fa-check\"><\/i><\/li>\n<li><i class=\"fa fa-check\"><\/i><b>Categoria toxicol\u00f3gica:\u00a0<\/b>IV levemente toxico, banda verde<\/li>\n<li><i class=\"fa fa-check\"><\/i><b>Formulaci\u00f3n:\u00a0<\/b>Solido (polvo mojable)<\/li>\n<\/ul>\n","protected":false},"featured_media":10078,"template":"","meta":[],"product_cat":[56],"product_tag":[],"class_list":{"0":"post-9663","1":"product","2":"type-product","3":"status-publish","4":"has-post-thumbnail","6":"product_cat-sustancia-afin-microbiologico","8":"first","9":"instock","10":"featured","11":"shipping-taxable","12":"purchasable","13":"product-type-variable"},"_links":{"self":[{"href":"https:\/\/agrobiologicospanama.com\/1\/index.php?rest_route=\/wp\/v2\/product\/9663","targetHints":{"allow":["GET"]}}],"collection":[{"href":"https:\/\/agrobiologicospanama.com\/1\/index.php?rest_route=\/wp\/v2\/product"}],"about":[{"href":"https:\/\/agrobiologicospanama.com\/1\/index.php?rest_route=\/wp\/v2\/types\/product"}],"wp:featuredmedia":[{"embeddable":true,"href":"https:\/\/agrobiologicospanama.com\/1\/index.php?rest_route=\/wp\/v2\/media\/10078"}],"wp:attachment":[{"href":"https:\/\/agrobiologicospanama.com\/1\/index.php?rest_route=%2Fwp%2Fv2%2Fmedia&parent=9663"}],"wp:term":[{"taxonomy":"product_cat","embeddable":true,"href":"https:\/\/agrobiologicospanama.com\/1\/index.php?rest_route=%2Fwp%2Fv2%2Fproduct_cat&post=9663"},{"taxonomy":"product_tag","embeddable":true,"href":"https:\/\/agrobiologicospanama.com\/1\/index.php?rest_route=%2Fwp%2Fv2%2Fproduct_tag&post=9663"}],"curies":[{"name":"wp","href":"https:\/\/api.w.org\/{rel}","templated":true}]}}