{"id":9664,"date":"2021-04-29T03:45:44","date_gmt":"2021-04-29T03:45:44","guid":{"rendered":"http:\/\/agrobiologicospanama.com\/1\/?post_type=product&#038;p=9664"},"modified":"2026-01-05T17:05:22","modified_gmt":"2026-01-05T17:05:22","slug":"bio-fertilizante-bacter-crecimiento","status":"publish","type":"product","link":"https:\/\/agrobiologicospanama.com\/1\/?product=bio-fertilizante-bacter-crecimiento","title":{"rendered":"BACTER CRECIMIENTO"},"content":{"rendered":"<h3><span style=\"color: #333333;\">El suelo alberga poblaciones microbianas que ofrecen beneficios al desarrollo vegetal. El uso de estos microorganismos constituye una alternativa nutricional ya aceptada dentro del contexto agr\u00edcola, desempe\u00f1a un papel importante en el modelo de agricultura sostenible, donde su aplicaci\u00f3n es b\u00e1sica y tambi\u00e9n en los sistemas de alta productividad, especialmente por su bajo costo.<\/span><\/h3>\n<h3><span style=\"color: #333333;\">Las bacterias del g\u00e9nero Azotobacter y Azospirillum son utilizadas extensamente en la producci\u00f3n agr\u00edcola ya que aportan de la atm\u00f3sfera a las plantas gran parte del nitr\u00f3geno requerido mediante la fijaci\u00f3n asimbi\u00f3tica, adem\u00e1s de suministrar otras sustancias activas estimuladoras del desarrollo vegetal.<\/span><\/h3>\n<h3><span style=\"color: #333333;\">Este grupo de bacterias cada vez adquiere mayor importancia, ya que contribuye de forma positiva a mejorar la sostenibilidad de los cultivos.<\/span><\/h3>\n<h3><span style=\"color: #333333;\"><a style=\"color: #333333;\" href=\"https:\/\/agrobiologicospanama.com\/1\/wp-content\/uploads\/2022\/12\/BACTER-CRECIMIENTO-baja.pdf\"><img loading=\"lazy\" decoding=\"async\" class=\"alignnone wp-image-9650 size-full\" src=\"https:\/\/agrobiologicospanama.com\/1\/wp-content\/uploads\/2021\/04\/botonfichatecnica-300x161-1.png\" alt=\"\" width=\"300\" height=\"86\" \/><\/a><\/span><\/h3>\n<h3><a href=\"https:\/\/agrobiologicospanama.com\/1\/wp-content\/uploads\/2026\/01\/ABP_FICHA-TEC.-BACTER-CRECIMIENTO-1713X923.png\"><img loading=\"lazy\" decoding=\"async\" class=\"alignnone wp-image-10090 size-full\" src=\"https:\/\/agrobiologicospanama.com\/1\/wp-content\/uploads\/2026\/01\/ABP_FICHA-TEC.-BACTER-CRECIMIENTO-1713X923.png\" alt=\"\" width=\"1713\" height=\"923\" srcset=\"https:\/\/agrobiologicospanama.com\/1\/wp-content\/uploads\/2026\/01\/ABP_FICHA-TEC.-BACTER-CRECIMIENTO-1713X923.png 1713w, https:\/\/agrobiologicospanama.com\/1\/wp-content\/uploads\/2026\/01\/ABP_FICHA-TEC.-BACTER-CRECIMIENTO-1713X923-300x162.png 300w, https:\/\/agrobiologicospanama.com\/1\/wp-content\/uploads\/2026\/01\/ABP_FICHA-TEC.-BACTER-CRECIMIENTO-1713X923-1024x552.png 1024w, https:\/\/agrobiologicospanama.com\/1\/wp-content\/uploads\/2026\/01\/ABP_FICHA-TEC.-BACTER-CRECIMIENTO-1713X923-768x414.png 768w, https:\/\/agrobiologicospanama.com\/1\/wp-content\/uploads\/2026\/01\/ABP_FICHA-TEC.-BACTER-CRECIMIENTO-1713X923-1536x828.png 1536w, https:\/\/agrobiologicospanama.com\/1\/wp-content\/uploads\/2026\/01\/ABP_FICHA-TEC.-BACTER-CRECIMIENTO-1713X923-600x323.png 600w\" sizes=\"auto, (max-width: 1713px) 100vw, 1713px\" \/><\/a><\/h3>\n","protected":false},"excerpt":{"rendered":"<ul class=\"list-unstyled\">\n<li><i class=\"fa fa-check\"><\/i><b>Ingrediente activo:\u00a0<\/b>Azospirillum spp, Azotobacter spp, Pseudomona fluorescens<\/li>\n<li><i class=\"fa fa-check\"><\/i><b>Composici\u00f3n garantizada:\u00a0<\/b>1 x 10<sup>9<\/sup>\u00a0ufc\/ml del producto<\/li>\n<li><i class=\"fa fa-check\"><\/i><b>Aditivos:\u00a0<\/b>Sustancias de mantenimiento<\/li>\n<li><i class=\"fa fa-check\"><\/i><b>Presentaci\u00f3n del producto:\u00a0<\/b>Liquida altamente soluble<\/li>\n<li><i class=\"fa fa-check\"><\/i><b><b>Vida util: <\/b><\/b>6 meses conservado en ambiente fresco y seco.<\/li>\n<li><i class=\"fa fa-check\"><\/i><b>Categoria toxicol\u00f3gica:\u00a0<\/b>IV levemente toxico, banda verde<\/li>\n<li><i class=\"fa fa-check\"><\/i><b>Presentaci\u00f3n comercial:<\/b> 500 ml, 1 litro y 1 gal\u00f3n.<\/li>\n<\/ul>\n","protected":false},"featured_media":10064,"template":"","meta":[],"product_cat":[46],"product_tag":[],"class_list":{"0":"post-9664","1":"product","2":"type-product","3":"status-publish","4":"has-post-thumbnail","6":"product_cat-bio-fertilizantes","8":"first","9":"instock","10":"featured","11":"shipping-taxable","12":"purchasable","13":"product-type-variable"},"_links":{"self":[{"href":"https:\/\/agrobiologicospanama.com\/1\/index.php?rest_route=\/wp\/v2\/product\/9664","targetHints":{"allow":["GET"]}}],"collection":[{"href":"https:\/\/agrobiologicospanama.com\/1\/index.php?rest_route=\/wp\/v2\/product"}],"about":[{"href":"https:\/\/agrobiologicospanama.com\/1\/index.php?rest_route=\/wp\/v2\/types\/product"}],"wp:featuredmedia":[{"embeddable":true,"href":"https:\/\/agrobiologicospanama.com\/1\/index.php?rest_route=\/wp\/v2\/media\/10064"}],"wp:attachment":[{"href":"https:\/\/agrobiologicospanama.com\/1\/index.php?rest_route=%2Fwp%2Fv2%2Fmedia&parent=9664"}],"wp:term":[{"taxonomy":"product_cat","embeddable":true,"href":"https:\/\/agrobiologicospanama.com\/1\/index.php?rest_route=%2Fwp%2Fv2%2Fproduct_cat&post=9664"},{"taxonomy":"product_tag","embeddable":true,"href":"https:\/\/agrobiologicospanama.com\/1\/index.php?rest_route=%2Fwp%2Fv2%2Fproduct_tag&post=9664"}],"curies":[{"name":"wp","href":"https:\/\/api.w.org\/{rel}","templated":true}]}}