{"id":9665,"date":"2021-04-29T03:52:32","date_gmt":"2021-04-29T03:52:32","guid":{"rendered":"http:\/\/agrobiologicospanama.com\/1\/?post_type=product&#038;p=9665"},"modified":"2026-01-05T17:09:42","modified_gmt":"2026-01-05T17:09:42","slug":"bio-fertilizante-nutribacter","status":"publish","type":"product","link":"https:\/\/agrobiologicospanama.com\/1\/?product=bio-fertilizante-nutribacter","title":{"rendered":"NUTRIBACTER SUELO"},"content":{"rendered":"<h3><span style=\"color: #333333;\">Es un producto biol\u00f3gico de aplicaci\u00f3n ed\u00e1fica, estos microorganismos favorecen los procesos de degradaci\u00f3n de la MO, liberando al suelo los nutrientes contenidos en ella para beneficio de las plantas. As\u00ed mismo, sintetizan sustancias biol\u00f3gicamente activas, como antibi\u00f3ticos, inductores de crecimiento y estimuladores que mejoran la adsorci\u00f3n de las plantas, tambi\u00e9n activa mecanismos de defensa frente a enfermedades y plagas, entre otros beneficios.<\/span><\/h3>\n<p><a href=\"https:\/\/agrobiologicospanama.com\/1\/wp-content\/uploads\/2022\/12\/NUTRIBACTER-SUELO-baja.pdf\"><img loading=\"lazy\" decoding=\"async\" class=\"alignnone wp-image-9650 size-full\" src=\"http:\/\/agrobiologicospanama.com\/1\/wp-content\/uploads\/2021\/04\/botonfichatecnica-300x161-1.png\" alt=\"\" width=\"300\" height=\"86\" \/><\/a><\/p>\n<p><a href=\"https:\/\/agrobiologicospanama.com\/1\/wp-content\/uploads\/2026\/01\/ABP_FICHA-TEC.-NUTRIBACTER-SUELO-1713X923.png\"><img loading=\"lazy\" decoding=\"async\" class=\"alignnone wp-image-10100 size-full\" src=\"https:\/\/agrobiologicospanama.com\/1\/wp-content\/uploads\/2026\/01\/ABP_FICHA-TEC.-NUTRIBACTER-SUELO-1713X923.png\" alt=\"\" width=\"1713\" height=\"923\" srcset=\"https:\/\/agrobiologicospanama.com\/1\/wp-content\/uploads\/2026\/01\/ABP_FICHA-TEC.-NUTRIBACTER-SUELO-1713X923.png 1713w, https:\/\/agrobiologicospanama.com\/1\/wp-content\/uploads\/2026\/01\/ABP_FICHA-TEC.-NUTRIBACTER-SUELO-1713X923-300x162.png 300w, https:\/\/agrobiologicospanama.com\/1\/wp-content\/uploads\/2026\/01\/ABP_FICHA-TEC.-NUTRIBACTER-SUELO-1713X923-1024x552.png 1024w, https:\/\/agrobiologicospanama.com\/1\/wp-content\/uploads\/2026\/01\/ABP_FICHA-TEC.-NUTRIBACTER-SUELO-1713X923-768x414.png 768w, https:\/\/agrobiologicospanama.com\/1\/wp-content\/uploads\/2026\/01\/ABP_FICHA-TEC.-NUTRIBACTER-SUELO-1713X923-1536x828.png 1536w, https:\/\/agrobiologicospanama.com\/1\/wp-content\/uploads\/2026\/01\/ABP_FICHA-TEC.-NUTRIBACTER-SUELO-1713X923-600x323.png 600w\" sizes=\"auto, (max-width: 1713px) 100vw, 1713px\" \/><\/a><\/p>\n","protected":false},"excerpt":{"rendered":"<ul class=\"list-unstyled\">\n<li><i class=\"fa fa-check\"><\/i><b>Ingrediente activo:\u00a0<\/b>Lactobacillus spp, Bacillus Spp y levaduras<\/li>\n<li><i class=\"fa fa-check\"><\/i><b>Tipo de bioinsumo:\u00a0<\/b>Inoculante biol\u00f3gico<\/li>\n<li><i class=\"fa fa-check\"><\/i><b>Aditivos:\u00a0<\/b>Sustancias de mantenimiento<\/li>\n<li><i class=\"fa fa-check\"><\/i><b>Concentraci\u00f3n:\u00a0<\/b>1 x 10<sup>9<\/sup>\u00a0ufc\/ml del producto<\/li>\n<li><i class=\"fa fa-check\"><\/i><b>Vida util:\u00a0<\/b>6 meses en ambiente freso y seco<\/li>\n<li><i class=\"fa fa-check\"><\/i><b>Presentaci\u00f3n:\u00a0<\/b>Envase de 500 ml, 1 litro, 1 gal\u00f3n<\/li>\n<li><i class=\"fa fa-check\"><\/i><b>Categoria toxicol\u00f3gica:\u00a0<\/b>IV levemente toxico, banda verde<\/li>\n<li><i class=\"fa fa-check\"><\/i><b>Formulaci\u00f3n:\u00a0<\/b>Suspensi\u00f3n concentrada<\/li>\n<\/ul>\n","protected":false},"featured_media":10075,"template":"","meta":[],"product_cat":[46],"product_tag":[],"class_list":{"0":"post-9665","1":"product","2":"type-product","3":"status-publish","4":"has-post-thumbnail","6":"product_cat-bio-fertilizantes","8":"first","9":"instock","10":"featured","11":"shipping-taxable","12":"purchasable","13":"product-type-variable"},"_links":{"self":[{"href":"https:\/\/agrobiologicospanama.com\/1\/index.php?rest_route=\/wp\/v2\/product\/9665","targetHints":{"allow":["GET"]}}],"collection":[{"href":"https:\/\/agrobiologicospanama.com\/1\/index.php?rest_route=\/wp\/v2\/product"}],"about":[{"href":"https:\/\/agrobiologicospanama.com\/1\/index.php?rest_route=\/wp\/v2\/types\/product"}],"wp:featuredmedia":[{"embeddable":true,"href":"https:\/\/agrobiologicospanama.com\/1\/index.php?rest_route=\/wp\/v2\/media\/10075"}],"wp:attachment":[{"href":"https:\/\/agrobiologicospanama.com\/1\/index.php?rest_route=%2Fwp%2Fv2%2Fmedia&parent=9665"}],"wp:term":[{"taxonomy":"product_cat","embeddable":true,"href":"https:\/\/agrobiologicospanama.com\/1\/index.php?rest_route=%2Fwp%2Fv2%2Fproduct_cat&post=9665"},{"taxonomy":"product_tag","embeddable":true,"href":"https:\/\/agrobiologicospanama.com\/1\/index.php?rest_route=%2Fwp%2Fv2%2Fproduct_tag&post=9665"}],"curies":[{"name":"wp","href":"https:\/\/api.w.org\/{rel}","templated":true}]}}