{"id":9952,"date":"2023-11-23T02:33:20","date_gmt":"2023-11-23T02:33:20","guid":{"rendered":"https:\/\/agrobiologicospanama.com\/1\/?post_type=product&#038;p=9952"},"modified":"2026-01-05T17:10:19","modified_gmt":"2026-01-05T17:10:19","slug":"bio-fertilizante-fosfobacs","status":"publish","type":"product","link":"https:\/\/agrobiologicospanama.com\/1\/?product=bio-fertilizante-fosfobacs","title":{"rendered":"FOSFOBACS"},"content":{"rendered":"<h3>Fosfobacs es un fertilizante biol\u00f3gico, formulado con<br \/>\nbacterias ben\u00e9ficas solubilizadoras de fosfatos<br \/>\npertenecientes a los g\u00e9neros Pseudomona sp y<br \/>\nRhizobium sp, que al establecerse en la rizosfera,<br \/>\nestimulan el crecimiento de las plantas, aumentan el<br \/>\nn\u00famero de ra\u00edces, d\u00e1ndole mayor capacidad de captar<br \/>\nagua y nutrientes.<\/h3>\n<h3><span style=\"color: #333333;\"><a style=\"color: #333333;\" href=\"https:\/\/agrobiologicospanama.com\/1\/wp-content\/uploads\/2022\/12\/FOSFOBACS-baja.pdf\"><img loading=\"lazy\" decoding=\"async\" class=\"alignnone wp-image-9650 size-full\" src=\"https:\/\/agrobiologicospanama.com\/1\/wp-content\/uploads\/2021\/04\/botonfichatecnica-300x161-1.png\" alt=\"\" width=\"300\" height=\"86\" \/><\/a><\/span><\/h3>\n<p><a href=\"https:\/\/agrobiologicospanama.com\/1\/wp-content\/uploads\/2026\/01\/ABP_FICHA-TEC.-FOSFOBACS-1713X923.png\"><img loading=\"lazy\" decoding=\"async\" class=\"alignnone wp-image-10094 size-full\" src=\"https:\/\/agrobiologicospanama.com\/1\/wp-content\/uploads\/2026\/01\/ABP_FICHA-TEC.-FOSFOBACS-1713X923.png\" alt=\"\" width=\"1713\" height=\"923\" srcset=\"https:\/\/agrobiologicospanama.com\/1\/wp-content\/uploads\/2026\/01\/ABP_FICHA-TEC.-FOSFOBACS-1713X923.png 1713w, https:\/\/agrobiologicospanama.com\/1\/wp-content\/uploads\/2026\/01\/ABP_FICHA-TEC.-FOSFOBACS-1713X923-300x162.png 300w, https:\/\/agrobiologicospanama.com\/1\/wp-content\/uploads\/2026\/01\/ABP_FICHA-TEC.-FOSFOBACS-1713X923-1024x552.png 1024w, https:\/\/agrobiologicospanama.com\/1\/wp-content\/uploads\/2026\/01\/ABP_FICHA-TEC.-FOSFOBACS-1713X923-768x414.png 768w, https:\/\/agrobiologicospanama.com\/1\/wp-content\/uploads\/2026\/01\/ABP_FICHA-TEC.-FOSFOBACS-1713X923-1536x828.png 1536w, https:\/\/agrobiologicospanama.com\/1\/wp-content\/uploads\/2026\/01\/ABP_FICHA-TEC.-FOSFOBACS-1713X923-600x323.png 600w\" sizes=\"auto, (max-width: 1713px) 100vw, 1713px\" \/><\/a><\/p>\n<h3><\/h3>\n","protected":false},"excerpt":{"rendered":"<ul class=\"list-unstyled\">\n<li><i class=\"fa fa-check\"><\/i>Fosfobacs es un fertilizante biol\u00f3gico, formulado con<br \/>\nbacterias ben\u00e9ficas solubilizadoras de fosfatos<br \/>\npertenecientes a los g\u00e9neros Pseudomona sp y<br \/>\nRhizobium sp, que al establecerse en la rizosfera,<br \/>\nestimulan el crecimiento de las plantas, aumentan el<br \/>\nn\u00famero de ra\u00edces, d\u00e1ndole mayor capacidad de captar<br \/>\nagua y nutrientes.<\/li>\n<li><\/li>\n<\/ul>\n","protected":false},"featured_media":10068,"template":"","meta":[],"product_cat":[46],"product_tag":[],"class_list":{"0":"post-9952","1":"product","2":"type-product","3":"status-publish","4":"has-post-thumbnail","6":"product_cat-bio-fertilizantes","8":"first","9":"instock","10":"featured","11":"shipping-taxable","12":"purchasable","13":"product-type-variable"},"_links":{"self":[{"href":"https:\/\/agrobiologicospanama.com\/1\/index.php?rest_route=\/wp\/v2\/product\/9952","targetHints":{"allow":["GET"]}}],"collection":[{"href":"https:\/\/agrobiologicospanama.com\/1\/index.php?rest_route=\/wp\/v2\/product"}],"about":[{"href":"https:\/\/agrobiologicospanama.com\/1\/index.php?rest_route=\/wp\/v2\/types\/product"}],"wp:featuredmedia":[{"embeddable":true,"href":"https:\/\/agrobiologicospanama.com\/1\/index.php?rest_route=\/wp\/v2\/media\/10068"}],"wp:attachment":[{"href":"https:\/\/agrobiologicospanama.com\/1\/index.php?rest_route=%2Fwp%2Fv2%2Fmedia&parent=9952"}],"wp:term":[{"taxonomy":"product_cat","embeddable":true,"href":"https:\/\/agrobiologicospanama.com\/1\/index.php?rest_route=%2Fwp%2Fv2%2Fproduct_cat&post=9952"},{"taxonomy":"product_tag","embeddable":true,"href":"https:\/\/agrobiologicospanama.com\/1\/index.php?rest_route=%2Fwp%2Fv2%2Fproduct_tag&post=9952"}],"curies":[{"name":"wp","href":"https:\/\/api.w.org\/{rel}","templated":true}]}}